{"id":8,"date":"2026-03-09T14:11:44","date_gmt":"2026-03-09T17:11:44","guid":{"rendered":"http:\/\/rastaflash.com.br\/site\/?page_id=8"},"modified":"2026-03-12T17:08:08","modified_gmt":"2026-03-12T20:08:08","slug":"home","status":"publish","type":"page","link":"https:\/\/rastaflash.com.br\/","title":{"rendered":"HOME"},"content":{"rendered":"<p><img decoding=\"async\" src=\"\/site\/wp-content\/uploads\/2026\/03\/rasta-logo-transparente.png\" alt=\"\"><\/p>\n<h1>Entregas r\u00e1pidas<\/h1>\n<h1>EM VINHEDO, VALINHOS, INDAIATUBA, CAMPINAS, INTERIOR, GRANDE S\u00c3O PAULO, LITORAL E TODAS AS REGI\u00d5ES DO ESTADO DE S\u00c3O PAULO.<\/h1>\n<ul>\n<li>\n<p>\n        <a href=\"https:\/\/wa.me\/5519999367646\">(19) 99936-7646<\/a>\n    <\/p>\n<\/li>\n<li>\n<p>\n        <a href=\"mailto:mototreta@gmail.com\">EMAIL<\/a>\n    <\/p>\n<\/li>\n<\/ul>\n<h1>H\u00e1 21 anos no mercado entregando com qualidade e agilidade!<\/h1>\n<div>Servi\u00e7o de entrega r\u00e1pida para empresas, aut\u00f4nomos e pessoas f\u00edsicas com pre\u00e7o acess\u00edvel, prazo e respeito.<\/div>\n<div>\n<p>        <img decoding=\"async\" src=\"\/site\/wp-content\/uploads\/2026\/03\/moto.svg\" alt=\"\"><\/p>\n<h3>ENTREGA POR MOTO<\/h3>\n<div>Ideal para produtos pequenos, que precisem de agilidade na entrega.<\/div>\n<\/div>\n<div>\n<p>        <img decoding=\"async\" src=\"\/site\/wp-content\/uploads\/2026\/03\/carro.svg\" alt=\"\"><\/p>\n<h3>ENTREGA DE CARRO<\/h3>\n<div>Ideal para produtos maiores e pesados.<\/div>\n<\/div>\n<h1>Nossos Servi\u00e7os<\/h1>\n<ul>\n<li>\n<p>        <img decoding=\"async\" src=\"\/site\/wp-content\/uploads\/2026\/03\/s-documentos.jpg\" alt=\"\"><\/p>\n<h3>Entrega de Documentos<\/h3>\n<\/li>\n<li>\n<p>        <img decoding=\"async\" src=\"\/site\/wp-content\/uploads\/2026\/03\/s-pecas.jpg\" alt=\"\"><\/p>\n<h3>Entrega de Pe\u00e7as<\/h3>\n<\/li>\n<li>\n<p>        <img decoding=\"async\" src=\"\/site\/wp-content\/uploads\/2026\/03\/s-bagagens.jpg\" alt=\"\"><\/p>\n<h3>Fretes Intermunicipais<\/h3>\n<\/li>\n<li>\n<p>        <img decoding=\"async\" src=\"\/site\/wp-content\/uploads\/2026\/03\/s-chaves.jpg\" alt=\"\"><\/p>\n<h3>Pequenas Mudan\u00e7as<\/h3>\n<\/li>\n<li>\n<p>        <img decoding=\"async\" src=\"\/site\/wp-content\/uploads\/2026\/03\/s-escritorios.jpg\" alt=\"\"><\/p>\n<h3>Entrega de Malotes e Documentos<\/h3>\n<\/li>\n<li>\n<p>        <img decoding=\"async\" src=\"\/site\/wp-content\/uploads\/2026\/03\/s-banco.jpg\" alt=\"\"><\/p>\n<h3>Servi\u00e7o de Banco e Cart\u00f3rio<\/h3>\n<\/li>\n<\/ul>\n<p><img decoding=\"async\" src=\"\/site\/wp-content\/uploads\/2026\/03\/rasta-logo-transparente.png\" alt=\"\"><\/p>\n<ul>\n<li>\n<p>\n        <a href=\"https:\/\/wa.me\/5519999367646\">(19) 99936-7646<\/a>\n    <\/p>\n<\/li>\n<li>\n<p>\n        <a href=\"mailto:mototreta@gmail.com\">EMAIL<\/a>\n    <\/p>\n<\/li>\n<\/ul>\n<div>Desenvolvido por <a href=\"https:\/\/agenciabmc.com.br\/\" target=\"_blank\">Ag\u00eancia BMC<\/a><\/div>\n<p><!--more--><br \/>\n<!-- {\"type\":\"layout\",\"children\":[{\"type\":\"section\",\"props\":{\"header_transparent\":true,\"image_position\":\"center-center\",\"media_overlay\":\"rgba(0, 0, 0, 0.4)\",\"style\":\"default\",\"title_breakpoint\":\"xl\",\"title_position\":\"top-left\",\"title_rotation\":\"left\",\"vertical_align\":\"middle\",\"video\":\"wp-content\\\/uploads\\\/2026\\\/03\\\/Sequence-01.mp4\",\"width\":\"default\"},\"children\":[{\"type\":\"row\",\"children\":[{\"type\":\"column\",\"props\":{\"image_position\":\"center-center\",\"position_sticky_breakpoint\":\"m\"},\"children\":[{\"type\":\"image\",\"props\":{\"image\":\"wp-content\\\/uploads\\\/2026\\\/03\\\/rasta-logo-transparente.png\",\"image_svg_color\":\"emphasis\",\"image_width\":400,\"margin\":\"default\",\"text_align\":\"center\"}},{\"type\":\"headline\",\"props\":{\"content\":\"Entregas r\\u00e1pidas\",\"margin\":\"remove-vertical\",\"text_align\":\"center\",\"title_color\":\"primary\",\"title_element\":\"h1\",\"title_style\":\"heading-large\"}},{\"type\":\"headline\",\"props\":{\"content\":\"EM VINHEDO, VALINHOS, INDAIATUBA, CAMPINAS, INTERIOR, GRANDE S\\u00c3O PAULO, LITORAL E TODAS AS REGI\\u00d5ES DO ESTADO DE S\\u00c3O PAULO.\",\"margin\":\"remove-vertical\",\"text_align\":\"center\",\"title_element\":\"h1\",\"title_style\":\"heading-small\"}},{\"type\":\"button\",\"props\":{\"button_size\":\"large\",\"grid_column_gap\":\"small\",\"grid_row_gap\":\"small\",\"margin\":\"default\",\"text_align\":\"center\"},\"children\":[{\"type\":\"button_item\",\"props\":{\"button_style\":\"primary\",\"content\":\"(19) 99936-7646\",\"dialog_layout\":\"modal\",\"dialog_offcanvas_flip\":true,\"icon\":\"whatsapp\",\"icon_align\":\"left\",\"link\":\"https:\\\/\\\/wa.me\\\/5519999367646\"}},{\"type\":\"button_item\",\"props\":{\"button_style\":\"primary\",\"content\":\"EMAIL\",\"dialog_layout\":\"modal\",\"dialog_offcanvas_flip\":true,\"icon\":\"mail\",\"icon_align\":\"left\",\"link\":\"mailto:mototreta@gmail.com\"}}]}]}]}]},{\"type\":\"section\",\"props\":{\"id\":\"empresa\",\"image\":\"wp-content\\\/uploads\\\/2026\\\/03\\\/bg-delivery.jpg\",\"image_effect\":\"fixed\",\"image_position\":\"bottom-center\",\"image_size\":\"cover\",\"padding\":\"large\",\"style\":\"default\",\"title_breakpoint\":\"xl\",\"title_position\":\"top-left\",\"title_rotation\":\"left\",\"vertical_align\":\"middle\",\"width\":\"default\"},\"children\":[{\"type\":\"row\",\"props\":{\"width\":\"small\"},\"children\":[{\"type\":\"column\",\"props\":{\"image_position\":\"center-center\",\"position_sticky_breakpoint\":\"m\"},\"children\":[{\"type\":\"headline\",\"props\":{\"content\":\"H\\u00e1 21 anos no mercado entregando com qualidade e agilidade!\",\"text_align\":\"center\",\"title_element\":\"h1\",\"title_style\":\"heading-small\"}},{\"type\":\"text\",\"props\":{\"column_breakpoint\":\"m\",\"content\":\"Servi\\u00e7o de entrega r\\u00e1pida para empresas, aut\\u00f4nomos e pessoas f\\u00edsicas com pre\\u00e7o acess\\u00edvel, prazo e respeito.\",\"margin\":\"default\",\"text_align\":\"center\",\"text_style\":\"lead\"}}]}]},{\"type\":\"row\",\"props\":{\"layout\":\"1-2,1-2\",\"width\":\"small\"},\"children\":[{\"type\":\"column\",\"props\":{\"image_position\":\"center-center\",\"position_sticky_breakpoint\":\"m\",\"width_medium\":\"1-2\"},\"children\":[{\"type\":\"panel\",\"props\":{\"content\":\"Ideal para produtos pequenos, que precisem de agilidade na entrega.\",\"content_column_breakpoint\":\"m\",\"content_style\":\"text-lead\",\"icon_width\":80,\"image\":\"wp-content\\\/uploads\\\/2026\\\/03\\\/moto.svg\",\"image_align\":\"top\",\"image_grid_breakpoint\":\"m\",\"image_grid_width\":\"1-2\",\"image_svg_color\":\"emphasis\",\"image_svg_inline\":true,\"link_style\":\"default\",\"link_text\":\"Read more\",\"margin\":\"default\",\"meta_align\":\"below-title\",\"meta_element\":\"div\",\"meta_style\":\"text-meta\",\"text_align\":\"center\",\"title\":\"ENTREGA POR MOTO\",\"title_align\":\"top\",\"title_element\":\"h3\",\"title_grid_breakpoint\":\"m\",\"title_grid_width\":\"1-2\",\"title_hover_style\":\"reset\"}}]},{\"type\":\"column\",\"props\":{\"image_position\":\"center-center\",\"position_sticky_breakpoint\":\"m\",\"width_medium\":\"1-2\"},\"children\":[{\"type\":\"panel\",\"props\":{\"content\":\"Ideal para produtos maiores e pesados.\",\"content_column_breakpoint\":\"m\",\"content_style\":\"text-lead\",\"icon_width\":80,\"image\":\"wp-content\\\/uploads\\\/2026\\\/03\\\/carro.svg\",\"image_align\":\"top\",\"image_grid_breakpoint\":\"m\",\"image_grid_width\":\"1-2\",\"image_svg_color\":\"emphasis\",\"image_svg_inline\":true,\"link_style\":\"default\",\"link_text\":\"Read more\",\"margin\":\"default\",\"meta_align\":\"below-title\",\"meta_element\":\"div\",\"meta_style\":\"text-meta\",\"text_align\":\"center\",\"title\":\"ENTREGA DE CARRO\",\"title_align\":\"top\",\"title_element\":\"h3\",\"title_grid_breakpoint\":\"m\",\"title_grid_width\":\"1-2\",\"title_hover_style\":\"reset\"}}]}]}]},{\"type\":\"section\",\"props\":{\"id\":\"servicos\",\"image_position\":\"center-center\",\"style\":\"default\",\"title_breakpoint\":\"xl\",\"title_position\":\"top-left\",\"title_rotation\":\"left\",\"vertical_align\":\"middle\",\"width\":\"default\"},\"children\":[{\"type\":\"row\",\"children\":[{\"type\":\"column\",\"props\":{\"image_position\":\"center-center\",\"position_sticky_breakpoint\":\"m\"},\"children\":[{\"type\":\"headline\",\"props\":{\"content\":\"Nossos Servi\\u00e7os\",\"text_align\":\"center\",\"title_color\":\"primary\",\"title_element\":\"h1\",\"title_style\":\"heading-small\"}},{\"type\":\"grid\",\"props\":{\"content_column_breakpoint\":\"m\",\"filter_align\":\"left\",\"filter_all\":true,\"filter_grid_breakpoint\":\"m\",\"filter_grid_width\":\"auto\",\"filter_position\":\"top\",\"filter_style\":\"tab\",\"grid_default\":\"1\",\"grid_medium\":\"3\",\"icon_width\":80,\"image_align\":\"top\",\"image_grid_breakpoint\":\"m\",\"image_grid_width\":\"1-2\",\"image_svg_color\":\"emphasis\",\"item_animation\":true,\"lightbox_bg_close\":true,\"link_style\":\"default\",\"link_text\":\"Read more\",\"margin\":\"large\",\"meta_align\":\"below-title\",\"meta_element\":\"div\",\"meta_style\":\"text-meta\",\"show_content\":true,\"show_hover_image\":true,\"show_hover_video\":true,\"show_image\":true,\"show_link\":true,\"show_meta\":true,\"show_title\":true,\"show_video\":true,\"text_align\":\"center\",\"title_align\":\"top\",\"title_element\":\"h3\",\"title_grid_breakpoint\":\"m\",\"title_grid_width\":\"1-2\",\"title_hover_style\":\"reset\"},\"children\":[{\"type\":\"grid_item\",\"props\":{\"image\":\"wp-content\\\/uploads\\\/2026\\\/03\\\/s-documentos.jpg\",\"title\":\"Entrega de Documentos\"}},{\"type\":\"grid_item\",\"props\":{\"image\":\"wp-content\\\/uploads\\\/2026\\\/03\\\/s-pecas.jpg\",\"title\":\"Entrega de Pe\\u00e7as\"}},{\"type\":\"grid_item\",\"props\":{\"image\":\"wp-content\\\/uploads\\\/2026\\\/03\\\/s-bagagens.jpg\",\"title\":\"Fretes Intermunicipais\"}},{\"type\":\"grid_item\",\"props\":{\"image\":\"wp-content\\\/uploads\\\/2026\\\/03\\\/s-chaves.jpg\",\"title\":\"Pequenas Mudan\\u00e7as\"}},{\"type\":\"grid_item\",\"props\":{\"image\":\"wp-content\\\/uploads\\\/2026\\\/03\\\/s-escritorios.jpg\",\"title\":\"Entrega de Malotes e Documentos\"}},{\"type\":\"grid_item\",\"props\":{\"image\":\"wp-content\\\/uploads\\\/2026\\\/03\\\/s-banco.jpg\",\"title\":\"Servi\\u00e7o de Banco e Cart\\u00f3rio\"}}]}]}]}]},{\"type\":\"section\",\"props\":{\"id\":\"contato\",\"image_position\":\"center-center\",\"style\":\"default\",\"title_breakpoint\":\"xl\",\"title_position\":\"top-left\",\"title_rotation\":\"left\",\"vertical_align\":\"middle\",\"width\":\"default\"},\"children\":[{\"type\":\"row\",\"children\":[{\"type\":\"column\",\"props\":{\"image_position\":\"center-center\",\"position_sticky_breakpoint\":\"m\"},\"children\":[{\"type\":\"image\",\"props\":{\"image\":\"wp-content\\\/uploads\\\/2026\\\/03\\\/rasta-logo-transparente.png\",\"image_svg_color\":\"emphasis\",\"image_width\":240,\"margin\":\"default\",\"text_align\":\"center\"}},{\"type\":\"button\",\"props\":{\"button_size\":\"large\",\"fullwidth\":false,\"grid_column_gap\":\"small\",\"grid_row_gap\":\"small\",\"margin\":\"default\",\"text_align\":\"center\"},\"children\":[{\"type\":\"button_item\",\"props\":{\"button_style\":\"secondary\",\"content\":\"(19) 99936-7646\",\"dialog_layout\":\"modal\",\"dialog_offcanvas_flip\":true,\"icon\":\"whatsapp\",\"icon_align\":\"left\",\"link\":\"https:\\\/\\\/wa.me\\\/5519999367646\"}},{\"type\":\"button_item\",\"props\":{\"button_style\":\"secondary\",\"content\":\"EMAIL\",\"dialog_layout\":\"modal\",\"dialog_offcanvas_flip\":true,\"icon\":\"mail\",\"icon_align\":\"left\",\"link\":\"mailto:mototreta@gmail.com\"}}]}]}]},{\"type\":\"row\",\"children\":[{\"type\":\"column\",\"props\":{\"image_position\":\"center-center\",\"position_sticky_breakpoint\":\"m\"},\"children\":[{\"type\":\"text\",\"props\":{\"column_breakpoint\":\"m\",\"content\":\"Desenvolvido por <a href=\\\"https:\\\/\\\/agenciabmc.com.br\\\/\\\" target=\\\"_blank\\\">Ag\\u00eancia BMC<\\\/a>\",\"margin\":\"large\",\"text_align\":\"center\",\"text_style\":\"meta\"}}]}]}]}],\"version\":\"4.5.32\"} --><\/p>\n","protected":false},"excerpt":{"rendered":"<p>Entregas r\u00e1pidas EM VINHEDO, VALINHOS, INDAIATUBA, CAMPINAS, INTERIOR, GRANDE S\u00c3O PAULO, LITORAL E TODAS AS REGI\u00d5ES DO ESTADO DE S\u00c3O PAULO. (19) 99936-7646 EMAIL H\u00e1 21 anos no mercado entregando com qualidade e agilidade! Servi\u00e7o de entrega r\u00e1pida para empresas, aut\u00f4nomos e pessoas f\u00edsicas com pre\u00e7o acess\u00edvel, prazo e respeito. ENTREGA POR MOTO Ideal para [&hellip;]<\/p>\n","protected":false},"author":1,"featured_media":0,"parent":0,"menu_order":0,"comment_status":"closed","ping_status":"closed","template":"","meta":{"_joinchat":[],"footnotes":""},"class_list":["post-8","page","type-page","status-publish","hentry"],"_links":{"self":[{"href":"https:\/\/rastaflash.com.br\/index.php\/wp-json\/wp\/v2\/pages\/8","targetHints":{"allow":["GET"]}}],"collection":[{"href":"https:\/\/rastaflash.com.br\/index.php\/wp-json\/wp\/v2\/pages"}],"about":[{"href":"https:\/\/rastaflash.com.br\/index.php\/wp-json\/wp\/v2\/types\/page"}],"author":[{"embeddable":true,"href":"https:\/\/rastaflash.com.br\/index.php\/wp-json\/wp\/v2\/users\/1"}],"replies":[{"embeddable":true,"href":"https:\/\/rastaflash.com.br\/index.php\/wp-json\/wp\/v2\/comments?post=8"}],"version-history":[{"count":40,"href":"https:\/\/rastaflash.com.br\/index.php\/wp-json\/wp\/v2\/pages\/8\/revisions"}],"predecessor-version":[{"id":70,"href":"https:\/\/rastaflash.com.br\/index.php\/wp-json\/wp\/v2\/pages\/8\/revisions\/70"}],"wp:attachment":[{"href":"https:\/\/rastaflash.com.br\/index.php\/wp-json\/wp\/v2\/media?parent=8"}],"curies":[{"name":"wp","href":"https:\/\/api.w.org\/{rel}","templated":true}]}}